{"id":270,"date":"2020-07-25T15:45:21","date_gmt":"2020-07-25T18:45:21","guid":{"rendered":"http:\/\/www.atilanofernandez.com.ar\/?page_id=270"},"modified":"2020-07-25T15:51:07","modified_gmt":"2020-07-25T18:51:07","slug":"viviana-erejomovich","status":"publish","type":"page","link":"https:\/\/www.atilanofernandez.com.ar\/en\/nosotros\/viviana-erejomovich\/","title":{"rendered":"Viviana Erejomovich"},"content":{"rendered":"\t\t<div data-elementor-type=\"wp-page\" data-elementor-id=\"270\" class=\"elementor elementor-270\">\n\t\t\t\t\t\t<section class=\"elementor-section elementor-top-section elementor-element elementor-element-a824d00 elementor-section-boxed elementor-section-height-default elementor-section-height-default\" data-id=\"a824d00\" data-element_type=\"section\" data-e-type=\"section\" data-settings=\"{&quot;background_background&quot;:&quot;slideshow&quot;,&quot;background_slideshow_gallery&quot;:[{&quot;id&quot;:110,&quot;url&quot;:&quot;http:\\\/\\\/www.atilanofernandez.com.ar\\\/wp-content\\\/uploads\\\/2019\\\/08\\\/neve-lawyers-demo-10.jpg&quot;}],&quot;background_slideshow_loop&quot;:&quot;yes&quot;,&quot;background_slideshow_slide_duration&quot;:5000,&quot;background_slideshow_slide_transition&quot;:&quot;fade&quot;,&quot;background_slideshow_transition_duration&quot;:500}\">\n\t\t\t\t\t\t<div class=\"elementor-container elementor-column-gap-default\">\n\t\t\t\t\t<div class=\"elementor-column elementor-col-100 elementor-top-column elementor-element elementor-element-5be1d12\" data-id=\"5be1d12\" data-element_type=\"column\" data-e-type=\"column\" data-settings=\"{&quot;background_background&quot;:&quot;classic&quot;}\">\n\t\t\t<div class=\"elementor-widget-wrap elementor-element-populated\">\n\t\t\t\t\t\t<div class=\"elementor-element elementor-element-45d9136 elementor-widget elementor-widget-heading\" data-id=\"45d9136\" data-element_type=\"widget\" data-e-type=\"widget\" data-widget_type=\"heading.default\">\n\t\t\t\t<div class=\"elementor-widget-container\">\n\t\t\t\t\t<h3 class=\"elementor-heading-title elementor-size-default\">nosotros<\/h3>\t\t\t\t<\/div>\n\t\t\t\t<\/div>\n\t\t\t\t<div class=\"elementor-element elementor-element-1c08514 elementor-widget-divider--view-line elementor-widget elementor-widget-divider\" data-id=\"1c08514\" data-element_type=\"widget\" data-e-type=\"widget\" data-widget_type=\"divider.default\">\n\t\t\t\t<div class=\"elementor-widget-container\">\n\t\t\t\t\t\t\t<div class=\"elementor-divider\">\n\t\t\t<span class=\"elementor-divider-separator\">\n\t\t\t\t\t\t<\/span>\n\t\t<\/div>\n\t\t\t\t\t\t<\/div>\n\t\t\t\t<\/div>\n\t\t\t\t\t<\/div>\n\t\t<\/div>\n\t\t\t\t\t<\/div>\n\t\t<\/section>\n\t\t\t\t<section class=\"elementor-section elementor-top-section elementor-element elementor-element-81a8163 elementor-section-boxed elementor-section-height-default elementor-section-height-default\" data-id=\"81a8163\" data-element_type=\"section\" data-e-type=\"section\">\n\t\t\t\t\t\t<div class=\"elementor-container elementor-column-gap-default\">\n\t\t\t\t\t<div class=\"elementor-column elementor-col-33 elementor-top-column elementor-element elementor-element-0282acd\" data-id=\"0282acd\" data-element_type=\"column\" data-e-type=\"column\">\n\t\t\t<div class=\"elementor-widget-wrap elementor-element-populated\">\n\t\t\t\t\t\t<div class=\"elementor-element elementor-element-4896439 elementor-widget elementor-widget-image\" data-id=\"4896439\" data-element_type=\"widget\" data-e-type=\"widget\" data-widget_type=\"image.default\">\n\t\t\t\t<div class=\"elementor-widget-container\">\n\t\t\t\t\t\t\t\t\t\t\t\t\t\t\t<img fetchpriority=\"high\" decoding=\"async\" width=\"573\" height=\"572\" src=\"https:\/\/www.atilanofernandez.com.ar\/wp-content\/uploads\/2020\/07\/Viviana.jpg\" class=\"attachment-large size-large wp-image-261\" alt=\"\" srcset=\"https:\/\/www.atilanofernandez.com.ar\/wp-content\/uploads\/2020\/07\/Viviana.jpg 573w, https:\/\/www.atilanofernandez.com.ar\/wp-content\/uploads\/2020\/07\/Viviana-300x300.jpg 300w, https:\/\/www.atilanofernandez.com.ar\/wp-content\/uploads\/2020\/07\/Viviana-150x150.jpg 150w\" sizes=\"(max-width: 573px) 100vw, 573px\" \/>\t\t\t\t\t\t\t\t\t\t\t\t\t\t\t<\/div>\n\t\t\t\t<\/div>\n\t\t\t\t<div class=\"elementor-element elementor-element-d242113 elementor-widget-divider--view-line elementor-widget elementor-widget-divider\" data-id=\"d242113\" data-element_type=\"widget\" data-e-type=\"widget\" data-widget_type=\"divider.default\">\n\t\t\t\t<div class=\"elementor-widget-container\">\n\t\t\t\t\t\t\t<div class=\"elementor-divider\">\n\t\t\t<span class=\"elementor-divider-separator\">\n\t\t\t\t\t\t<\/span>\n\t\t<\/div>\n\t\t\t\t\t\t<\/div>\n\t\t\t\t<\/div>\n\t\t\t\t\t<\/div>\n\t\t<\/div>\n\t\t\t\t<div class=\"elementor-column elementor-col-66 elementor-top-column elementor-element elementor-element-99f8400\" data-id=\"99f8400\" data-element_type=\"column\" data-e-type=\"column\">\n\t\t\t<div class=\"elementor-widget-wrap elementor-element-populated\">\n\t\t\t\t\t\t<div class=\"elementor-element elementor-element-9a0cd3a elementor-widget-divider--view-line elementor-widget elementor-widget-divider\" data-id=\"9a0cd3a\" data-element_type=\"widget\" data-e-type=\"widget\" data-widget_type=\"divider.default\">\n\t\t\t\t<div class=\"elementor-widget-container\">\n\t\t\t\t\t\t\t<div class=\"elementor-divider\">\n\t\t\t<span class=\"elementor-divider-separator\">\n\t\t\t\t\t\t<\/span>\n\t\t<\/div>\n\t\t\t\t\t\t<\/div>\n\t\t\t\t<\/div>\n\t\t\t\t<div class=\"elementor-element elementor-element-d24e233 elementor-widget elementor-widget-text-editor\" data-id=\"d24e233\" data-element_type=\"widget\" data-e-type=\"widget\" data-widget_type=\"text-editor.default\">\n\t\t\t\t<div class=\"elementor-widget-container\">\n\t\t\t\t\t\t\t\t\t<p class=\"p1\">Agente Matriculada de la Propiedad Industrial, Miembro de INTA (International Trademark Asociation), AAAPI (Asociaci\u00f3n Argentina de Agentes de la Propiedad Industrial), ASIPI (Asociaci\u00f3n\u00a0 Interamericana de la Propiedad Intelectual).<\/p><p class=\"p1\">\u00c1reas de especializaci\u00f3n:<\/p><ul><li class=\"p1\">Propiedad Industrial; Registro de Marcas, Modelos y Dise\u00f1os<\/li><li class=\"p1\">Industriales, Patentes de Invenci\u00f3n, An\u00e1lisis de registrabiliad, Resoluci\u00f3n de conflictos;<\/li><li class=\"p1\">Propiedad Intelectual, Copyright, software y dominios web.<\/li><\/ul>\t\t\t\t\t\t\t\t<\/div>\n\t\t\t\t<\/div>\n\t\t\t\t<div class=\"elementor-element elementor-element-b167893 elementor-shape-circle e-grid-align-left elementor-grid-0 elementor-widget elementor-widget-social-icons\" data-id=\"b167893\" data-element_type=\"widget\" data-e-type=\"widget\" data-widget_type=\"social-icons.default\">\n\t\t\t\t<div class=\"elementor-widget-container\">\n\t\t\t\t\t\t\t<div class=\"elementor-social-icons-wrapper elementor-grid\" role=\"list\">\n\t\t\t\t\t\t\t<span class=\"elementor-grid-item\" role=\"listitem\">\n\t\t\t\t\t<a class=\"elementor-icon elementor-social-icon elementor-social-icon-linkedin elementor-repeater-item-6e312ef\" href=\"https:\/\/www.linkedin.com\/in\/viviana-erejomovich-3613a733\/?originalSubdomain=ar\" target=\"_blank\">\n\t\t\t\t\t\t<span class=\"elementor-screen-only\">Linkedin<\/span>\n\t\t\t\t\t\t<i aria-hidden=\"true\" class=\"fab fa-linkedin\"><\/i>\t\t\t\t\t<\/a>\n\t\t\t\t<\/span>\n\t\t\t\t\t\t\t<span class=\"elementor-grid-item\" role=\"listitem\">\n\t\t\t\t\t<a class=\"elementor-icon elementor-social-icon elementor-social-icon-envelope elementor-repeater-item-7f51452\" href=\"mailto:viviana@atilanofernandez.com.ar\" target=\"_blank\">\n\t\t\t\t\t\t<span class=\"elementor-screen-only\">Envelope<\/span>\n\t\t\t\t\t\t<i aria-hidden=\"true\" class=\"fas fa-envelope\"><\/i>\t\t\t\t\t<\/a>\n\t\t\t\t<\/span>\n\t\t\t\t\t<\/div>\n\t\t\t\t\t\t<\/div>\n\t\t\t\t<\/div>\n\t\t\t\t\t<\/div>\n\t\t<\/div>\n\t\t\t\t\t<\/div>\n\t\t<\/section>\n\t\t\t\t<\/div>\n\t\t","protected":false},"excerpt":{"rendered":"<p>nosotros Viviana Erejomovich Directora | Director Egresada de la Facultad de Filosof\u00eda y Letras de la Universidad de Buenos Aires en 1985 Agente Matriculada de la Propiedad Industrial, Miembro de INTA (International Trademark Asociation), AAAPI (Asociaci\u00f3n Argentina de Agentes de la Propiedad Industrial), ASIPI (Asociaci\u00f3n\u00a0 Interamericana de la Propiedad Intelectual). \u00c1reas de especializaci\u00f3n: Propiedad Industrial;&hellip;&nbsp;<a href=\"https:\/\/www.atilanofernandez.com.ar\/en\/nosotros\/viviana-erejomovich\/\" rel=\"bookmark\">Read More &raquo;<span class=\"screen-reader-text\">Viviana Erejomovich<\/span><\/a><\/p>","protected":false},"author":1,"featured_media":0,"parent":255,"menu_order":0,"comment_status":"closed","ping_status":"closed","template":"page-templates\/template-pagebuilder-full-width.php","meta":{"neve_meta_sidebar":"full-width","neve_meta_container":"","neve_meta_enable_content_width":"on","neve_meta_content_width":100,"neve_meta_title_alignment":"","neve_meta_author_avatar":"","neve_post_elements_order":"","neve_meta_disable_header":"","neve_meta_disable_footer":"","neve_meta_disable_title":"","_themeisle_gutenberg_block_has_review":false,"footnotes":""},"class_list":["post-270","page","type-page","status-publish","hentry"],"_links":{"self":[{"href":"https:\/\/www.atilanofernandez.com.ar\/en\/wp-json\/wp\/v2\/pages\/270","targetHints":{"allow":["GET"]}}],"collection":[{"href":"https:\/\/www.atilanofernandez.com.ar\/en\/wp-json\/wp\/v2\/pages"}],"about":[{"href":"https:\/\/www.atilanofernandez.com.ar\/en\/wp-json\/wp\/v2\/types\/page"}],"author":[{"embeddable":true,"href":"https:\/\/www.atilanofernandez.com.ar\/en\/wp-json\/wp\/v2\/users\/1"}],"replies":[{"embeddable":true,"href":"https:\/\/www.atilanofernandez.com.ar\/en\/wp-json\/wp\/v2\/comments?post=270"}],"version-history":[{"count":3,"href":"https:\/\/www.atilanofernandez.com.ar\/en\/wp-json\/wp\/v2\/pages\/270\/revisions"}],"predecessor-version":[{"id":273,"href":"https:\/\/www.atilanofernandez.com.ar\/en\/wp-json\/wp\/v2\/pages\/270\/revisions\/273"}],"up":[{"embeddable":true,"href":"https:\/\/www.atilanofernandez.com.ar\/en\/wp-json\/wp\/v2\/pages\/255"}],"wp:attachment":[{"href":"https:\/\/www.atilanofernandez.com.ar\/en\/wp-json\/wp\/v2\/media?parent=270"}],"curies":[{"name":"wp","href":"https:\/\/api.w.org\/{rel}","templated":true}]}}