{"id":585,"date":"2024-04-09T13:00:34","date_gmt":"2024-04-09T16:00:34","guid":{"rendered":"https:\/\/www.atilanofernandez.com.ar\/?page_id=585"},"modified":"2024-04-09T13:04:28","modified_gmt":"2024-04-09T16:04:28","slug":"miranda-fernandez","status":"publish","type":"page","link":"https:\/\/www.atilanofernandez.com.ar\/en\/nosotros\/miranda-fernandez\/","title":{"rendered":"Miranda Fernandez"},"content":{"rendered":"\t\t<div data-elementor-type=\"wp-page\" data-elementor-id=\"585\" class=\"elementor elementor-585\">\n\t\t\t\t\t\t<section class=\"elementor-section elementor-top-section elementor-element elementor-element-a824d00 elementor-section-boxed elementor-section-height-default elementor-section-height-default\" data-id=\"a824d00\" data-element_type=\"section\" data-e-type=\"section\" data-settings=\"{&quot;background_background&quot;:&quot;slideshow&quot;,&quot;background_slideshow_gallery&quot;:[{&quot;id&quot;:110,&quot;url&quot;:&quot;http:\\\/\\\/www.atilanofernandez.com.ar\\\/wp-content\\\/uploads\\\/2019\\\/08\\\/neve-lawyers-demo-10.jpg&quot;}],&quot;background_slideshow_loop&quot;:&quot;yes&quot;,&quot;background_slideshow_slide_duration&quot;:5000,&quot;background_slideshow_slide_transition&quot;:&quot;fade&quot;,&quot;background_slideshow_transition_duration&quot;:500}\">\n\t\t\t\t\t\t<div class=\"elementor-container elementor-column-gap-default\">\n\t\t\t\t\t<div class=\"elementor-column elementor-col-100 elementor-top-column elementor-element elementor-element-5be1d12\" data-id=\"5be1d12\" data-element_type=\"column\" data-e-type=\"column\" data-settings=\"{&quot;background_background&quot;:&quot;classic&quot;}\">\n\t\t\t<div class=\"elementor-widget-wrap elementor-element-populated\">\n\t\t\t\t\t\t<div class=\"elementor-element elementor-element-45d9136 elementor-widget elementor-widget-heading\" data-id=\"45d9136\" data-element_type=\"widget\" data-e-type=\"widget\" data-widget_type=\"heading.default\">\n\t\t\t\t<div class=\"elementor-widget-container\">\n\t\t\t\t\t<h3 class=\"elementor-heading-title elementor-size-default\">nosotros<\/h3>\t\t\t\t<\/div>\n\t\t\t\t<\/div>\n\t\t\t\t<div class=\"elementor-element elementor-element-1c08514 elementor-widget-divider--view-line elementor-widget elementor-widget-divider\" data-id=\"1c08514\" data-element_type=\"widget\" data-e-type=\"widget\" data-widget_type=\"divider.default\">\n\t\t\t\t<div class=\"elementor-widget-container\">\n\t\t\t\t\t\t\t<div class=\"elementor-divider\">\n\t\t\t<span class=\"elementor-divider-separator\">\n\t\t\t\t\t\t<\/span>\n\t\t<\/div>\n\t\t\t\t\t\t<\/div>\n\t\t\t\t<\/div>\n\t\t\t\t\t<\/div>\n\t\t<\/div>\n\t\t\t\t\t<\/div>\n\t\t<\/section>\n\t\t\t\t<section class=\"elementor-section elementor-top-section elementor-element elementor-element-81a8163 elementor-section-boxed elementor-section-height-default elementor-section-height-default\" data-id=\"81a8163\" data-element_type=\"section\" data-e-type=\"section\">\n\t\t\t\t\t\t<div class=\"elementor-container elementor-column-gap-default\">\n\t\t\t\t\t<div class=\"elementor-column elementor-col-33 elementor-top-column elementor-element elementor-element-0282acd\" data-id=\"0282acd\" data-element_type=\"column\" data-e-type=\"column\">\n\t\t\t<div class=\"elementor-widget-wrap elementor-element-populated\">\n\t\t\t\t\t\t<div class=\"elementor-element elementor-element-4896439 elementor-widget elementor-widget-image\" data-id=\"4896439\" data-element_type=\"widget\" data-e-type=\"widget\" data-widget_type=\"image.default\">\n\t\t\t\t<div class=\"elementor-widget-container\">\n\t\t\t\t\t\t\t\t\t\t\t\t\t\t\t<img fetchpriority=\"high\" decoding=\"async\" width=\"800\" height=\"800\" src=\"https:\/\/www.atilanofernandez.com.ar\/wp-content\/uploads\/2024\/04\/miranda_fernandez.jpg\" class=\"attachment-large size-large wp-image-580\" alt=\"\" srcset=\"https:\/\/www.atilanofernandez.com.ar\/wp-content\/uploads\/2024\/04\/miranda_fernandez.jpg 800w, https:\/\/www.atilanofernandez.com.ar\/wp-content\/uploads\/2024\/04\/miranda_fernandez-300x300.jpg 300w, https:\/\/www.atilanofernandez.com.ar\/wp-content\/uploads\/2024\/04\/miranda_fernandez-150x150.jpg 150w, https:\/\/www.atilanofernandez.com.ar\/wp-content\/uploads\/2024\/04\/miranda_fernandez-768x768.jpg 768w, https:\/\/www.atilanofernandez.com.ar\/wp-content\/uploads\/2024\/04\/miranda_fernandez-12x12.jpg 12w\" sizes=\"(max-width: 800px) 100vw, 800px\" \/>\t\t\t\t\t\t\t\t\t\t\t\t\t\t\t<\/div>\n\t\t\t\t<\/div>\n\t\t\t\t<div class=\"elementor-element elementor-element-d242113 elementor-widget-divider--view-line elementor-widget elementor-widget-divider\" data-id=\"d242113\" data-element_type=\"widget\" data-e-type=\"widget\" data-widget_type=\"divider.default\">\n\t\t\t\t<div class=\"elementor-widget-container\">\n\t\t\t\t\t\t\t<div class=\"elementor-divider\">\n\t\t\t<span class=\"elementor-divider-separator\">\n\t\t\t\t\t\t<\/span>\n\t\t<\/div>\n\t\t\t\t\t\t<\/div>\n\t\t\t\t<\/div>\n\t\t\t\t\t<\/div>\n\t\t<\/div>\n\t\t\t\t<div class=\"elementor-column elementor-col-66 elementor-top-column elementor-element elementor-element-99f8400\" data-id=\"99f8400\" data-element_type=\"column\" data-e-type=\"column\">\n\t\t\t<div class=\"elementor-widget-wrap elementor-element-populated\">\n\t\t\t\t\t\t<div class=\"elementor-element elementor-element-9a0cd3a elementor-widget-divider--view-line elementor-widget elementor-widget-divider\" data-id=\"9a0cd3a\" data-element_type=\"widget\" data-e-type=\"widget\" data-widget_type=\"divider.default\">\n\t\t\t\t<div class=\"elementor-widget-container\">\n\t\t\t\t\t\t\t<div class=\"elementor-divider\">\n\t\t\t<span class=\"elementor-divider-separator\">\n\t\t\t\t\t\t<\/span>\n\t\t<\/div>\n\t\t\t\t\t\t<\/div>\n\t\t\t\t<\/div>\n\t\t\t\t<div class=\"elementor-element elementor-element-d24e233 elementor-widget elementor-widget-text-editor\" data-id=\"d24e233\" data-element_type=\"widget\" data-e-type=\"widget\" data-widget_type=\"text-editor.default\">\n\t\t\t\t<div class=\"elementor-widget-container\">\n\t\t\t\t\t\t\t\t\t<p>Se uni\u00f3 al staff de Atilano Fern\u00e1ndez como socia en el a\u00f1o 2023.\u00a0<\/p><p class=\"p1\">\u00c1reas de especializaci\u00f3n:<\/p><ul><li class=\"p1\"><strong>Directora comercial<\/strong><\/li><li class=\"p1\"><strong>Responsable del \u00e1rea de comunicaci\u00f3n<\/strong><\/li><\/ul>\t\t\t\t\t\t\t\t<\/div>\n\t\t\t\t<\/div>\n\t\t\t\t\t<\/div>\n\t\t<\/div>\n\t\t\t\t\t<\/div>\n\t\t<\/section>\n\t\t\t\t<\/div>\n\t\t","protected":false},"excerpt":{"rendered":"<p>nosotros Miranda Fernandez Socia\/ Partner Se uni\u00f3 al staff de Atilano Fern\u00e1ndez como socia en el a\u00f1o 2023.\u00a0 \u00c1reas de especializaci\u00f3n: Directora comercial Responsable del \u00e1rea de comunicaci\u00f3n<\/p>","protected":false},"author":1,"featured_media":0,"parent":255,"menu_order":0,"comment_status":"closed","ping_status":"closed","template":"page-templates\/template-pagebuilder-full-width.php","meta":{"neve_meta_sidebar":"full-width","neve_meta_container":"","neve_meta_enable_content_width":"on","neve_meta_content_width":100,"neve_meta_title_alignment":"","neve_meta_author_avatar":"","neve_post_elements_order":"","neve_meta_disable_header":"","neve_meta_disable_footer":"","neve_meta_disable_title":"","_themeisle_gutenberg_block_has_review":false,"footnotes":""},"class_list":["post-585","page","type-page","status-publish","hentry"],"_links":{"self":[{"href":"https:\/\/www.atilanofernandez.com.ar\/en\/wp-json\/wp\/v2\/pages\/585","targetHints":{"allow":["GET"]}}],"collection":[{"href":"https:\/\/www.atilanofernandez.com.ar\/en\/wp-json\/wp\/v2\/pages"}],"about":[{"href":"https:\/\/www.atilanofernandez.com.ar\/en\/wp-json\/wp\/v2\/types\/page"}],"author":[{"embeddable":true,"href":"https:\/\/www.atilanofernandez.com.ar\/en\/wp-json\/wp\/v2\/users\/1"}],"replies":[{"embeddable":true,"href":"https:\/\/www.atilanofernandez.com.ar\/en\/wp-json\/wp\/v2\/comments?post=585"}],"version-history":[{"count":10,"href":"https:\/\/www.atilanofernandez.com.ar\/en\/wp-json\/wp\/v2\/pages\/585\/revisions"}],"predecessor-version":[{"id":597,"href":"https:\/\/www.atilanofernandez.com.ar\/en\/wp-json\/wp\/v2\/pages\/585\/revisions\/597"}],"up":[{"embeddable":true,"href":"https:\/\/www.atilanofernandez.com.ar\/en\/wp-json\/wp\/v2\/pages\/255"}],"wp:attachment":[{"href":"https:\/\/www.atilanofernandez.com.ar\/en\/wp-json\/wp\/v2\/media?parent=585"}],"curies":[{"name":"wp","href":"https:\/\/api.w.org\/{rel}","templated":true}]}}